{"id":426,"date":"2023-01-17T00:18:08","date_gmt":"2023-01-16T23:18:08","guid":{"rendered":"https:\/\/breizharmony.com\/?page_id=426"},"modified":"2026-04-08T00:10:58","modified_gmt":"2026-04-07T22:10:58","slug":"contact","status":"publish","type":"page","link":"https:\/\/breizharmony.com\/index.php\/contact\/","title":{"rendered":"Contact \/ R\u00e9servation"},"content":{"rendered":"\n<p class=\"has-text-align-center\" style=\"text-decoration:underline;text-transform:uppercase\"><strong>ADRESSE<\/strong><\/p>\n\n\n\n<p class=\"has-text-align-center\">Le cabinet est situ\u00e9&nbsp; :&nbsp; <strong>Plouarzel <\/strong>( Finist\u00e8re) et ailleurs &#8230;&#8230;. <\/p>\n\n\n\n<p class=\"has-text-align-center\">les s\u00e9ances sont propos\u00e9es en pr\u00e9sentiel et \u00e0 distance.<\/p>\n\n\n\n<p class=\"has-text-align-center\" style=\"text-decoration:underline;text-transform:uppercase\"><strong>POUR ME CONTACTER<\/strong><\/p>\n\n\n\n<p class=\"has-text-align-center\"><strong>Les consultations se font uniquement sur rendez-vous.<\/strong><\/p>\n\n\n\n<p class=\"has-text-align-center\"><strong>Vous pouvez me joindre par t\u00e9l\u00e9phone au 07.72.37.28.33<\/strong><\/p>\n\n\n\n<p class=\"has-text-align-center\"><strong>ou par e-mail \u00e0 verobien.etre29@gmail.com.<\/strong><br><br><strong>En cas d&rsquo;annulation, veuillez pr\u00e9venir \u00e0 l&rsquo;avance. <\/strong><\/p>\n\n\n<div class=\"wp-block-image\">\n<figure class=\"aligncenter size-large\"><img loading=\"lazy\" decoding=\"async\" width=\"1024\" height=\"585\" src=\"https:\/\/breizharmony.com\/wp-content\/uploads\/2026\/04\/Carte-de-visite-Elegante-Minimaliste-Naturopathe-Beige-1024x585.jpg\" alt=\"\" class=\"wp-image-2141\" srcset=\"https:\/\/breizharmony.com\/wp-content\/uploads\/2026\/04\/Carte-de-visite-Elegante-Minimaliste-Naturopathe-Beige-1024x585.jpg 1024w, https:\/\/breizharmony.com\/wp-content\/uploads\/2026\/04\/Carte-de-visite-Elegante-Minimaliste-Naturopathe-Beige-300x171.jpg 300w, https:\/\/breizharmony.com\/wp-content\/uploads\/2026\/04\/Carte-de-visite-Elegante-Minimaliste-Naturopathe-Beige-768x439.jpg 768w, https:\/\/breizharmony.com\/wp-content\/uploads\/2026\/04\/Carte-de-visite-Elegante-Minimaliste-Naturopathe-Beige-330x190.jpg 330w, https:\/\/breizharmony.com\/wp-content\/uploads\/2026\/04\/Carte-de-visite-Elegante-Minimaliste-Naturopathe-Beige.jpg 1050w\" sizes=\"(max-width: 1024px) 100vw, 1024px\" \/><\/figure>\n<\/div>\n\n\n<p><\/p>\n","protected":false},"excerpt":{"rendered":"<p>ADRESSE Le cabinet est situ\u00e9&nbsp; :&nbsp; Plouarzel ( Finist\u00e8re) et ailleurs &#8230;&#8230;. les [&hellip;]<\/p>\n","protected":false},"author":1,"featured_media":0,"parent":0,"menu_order":0,"comment_status":"closed","ping_status":"closed","template":"","meta":{"saved_in_kubio":true,"footnotes":""},"class_list":["post-426","page","type-page","status-publish","hentry"],"kubio_ai_page_context":{"short_desc":"","purpose":"general"},"_links":{"self":[{"href":"https:\/\/breizharmony.com\/index.php\/wp-json\/wp\/v2\/pages\/426","targetHints":{"allow":["GET"]}}],"collection":[{"href":"https:\/\/breizharmony.com\/index.php\/wp-json\/wp\/v2\/pages"}],"about":[{"href":"https:\/\/breizharmony.com\/index.php\/wp-json\/wp\/v2\/types\/page"}],"author":[{"embeddable":true,"href":"https:\/\/breizharmony.com\/index.php\/wp-json\/wp\/v2\/users\/1"}],"replies":[{"embeddable":true,"href":"https:\/\/breizharmony.com\/index.php\/wp-json\/wp\/v2\/comments?post=426"}],"version-history":[{"count":33,"href":"https:\/\/breizharmony.com\/index.php\/wp-json\/wp\/v2\/pages\/426\/revisions"}],"predecessor-version":[{"id":2176,"href":"https:\/\/breizharmony.com\/index.php\/wp-json\/wp\/v2\/pages\/426\/revisions\/2176"}],"wp:attachment":[{"href":"https:\/\/breizharmony.com\/index.php\/wp-json\/wp\/v2\/media?parent=426"}],"curies":[{"name":"wp","href":"https:\/\/api.w.org\/{rel}","templated":true}]}}